{"id":31,"date":"2025-01-01T16:39:06","date_gmt":"2025-01-01T16:39:06","guid":{"rendered":"https:\/\/www.zvocnakopel.si\/home\/"},"modified":"2025-01-01T16:54:27","modified_gmt":"2025-01-01T16:54:27","slug":"home","status":"publish","type":"page","link":"https:\/\/www.zvocnakopel.si\/domov\/","title":{"rendered":"Zvo\u010dna kopel &#8211; stran je v prenovi"},"content":{"rendered":"\t\t<div data-elementor-type=\"wp-page\" data-elementor-id=\"31\" class=\"elementor elementor-31\">\n\t\t\t\t<div class=\"elementor-element elementor-element-385a7bbe e-flex e-con-boxed e-con e-parent\" data-id=\"385a7bbe\" data-element_type=\"container\">\n\t\t\t\t\t<div class=\"e-con-inner\">\n\t\t\t\t<div class=\"elementor-element elementor-element-51f1feb elementor-widget elementor-widget-text-editor\" data-id=\"51f1feb\" data-element_type=\"widget\" data-widget_type=\"text-editor.default\">\n\t\t\t\t<div class=\"elementor-widget-container\">\n\t\t\t\t\t\t\t\t\t\n<div class=\"wp-block-uagb-container uagb-block-fa303262 alignfull uagb-is-root-container\">\n<div class=\"uagb-container-inner-blocks-wrap\">\n<div class=\"wp-block-uagb-advanced-heading uagb-block-79955c36\">\n<div class=\"uagb-heading-text\">Zvo\u010dna kopel<\/div>\n<\/div>\n\n<div class=\"wp-block-uagb-info-box uagb-block-0bca2e31 uagb-infobox__content-wrap  uagb-infobox-icon-above-title uagb-infobox-image-valign-top\">\n<div class=\"uagb-ifb-content\">\n<div class=\"uagb-ifb-title-wrap\">\n<h1 class=\"uagb-ifb-title\">Prepustite se zvo\u010dnim vibracijam<\/h1>\n<\/div>\n<p class=\"uagb-ifb-desc\">Pretresite notranje vzorce in do\u017eivite globoko sprostitev s himalajskimi posodami in gongom.<\/p>\n<div class=\"uagb-ifb-button-wrapper wp-block-button\"><a class=\"uagb-infobox-cta-link wp-block-button__link\" href=\"contact\/\" target=\"_self\" rel=\"noopener noreferrer\"><span class=\"uagb-inline-editing\">Stran je v prenovi!<\/span><\/a><\/div>\n<\/div>\n<\/div>\n<\/div>\n<\/div>\n\n<div class=\"wp-block-uagb-container uagb-block-a4795187 alignfull uagb-is-root-container\">\n<div class=\"uagb-container-inner-blocks-wrap\">\u00a0<\/div>\n<\/div>\n\n<div class=\"wp-block-uagb-container uagb-block-619ad332 alignfull uagb-is-root-container\">\n<div class=\"uagb-container-inner-blocks-wrap\">\n<div class=\"wp-block-uagb-container uagb-block-60cffcb5\">\n<div class=\"wp-block-uagb-advanced-heading uagb-block-198b6eee\">\n<h2 class=\"uagb-heading-text\">Zvo\u010dna sprostitev<\/h2>\n<\/div>\n\n<div class=\"wp-block-uagb-buttons uagb-buttons__outer-wrap uagb-btn__default-btn uagb-btn-tablet__default-btn uagb-btn-mobile__default-btn uagb-block-8a877432\">\n<div class=\"uagb-buttons__wrap uagb-buttons-layout-wrap \">\n<div class=\"wp-block-uagb-buttons-child uagb-buttons__outer-wrap uagb-block-c69aee6e wp-block-button\">\n<div class=\"uagb-button__wrapper\">\n<div class=\"uagb-button__link\">Poglej vse<\/div>\n<\/div>\n<\/div>\n<\/div>\n<\/div>\n<\/div>\n\n<div class=\"wp-block-uagb-container uagb-block-e76c2ac4\">\n<div class=\"wp-block-uagb-container uagb-block-8d2ac9d6\">\n<div class=\"wp-block-uagb-image alignleft uagb-block-4d732e76 wp-block-uagb-image--layout-default wp-block-uagb-image--effect-static wp-block-uagb-image--align-left aligncenter\">\n<figure class=\"wp-block-uagb-image__figure\"><img fetchpriority=\"high\" decoding=\"async\" class=\"uag-image-11\" title=\"\" role=\"img\" src=\"https:\/\/www.zvocnakopel.si\/wp-content\/uploads\/2025\/01\/pexels-photo-7947736.jpeg\" sizes=\"(max-width: 480px) 150px\" srcset=\"https:\/\/www.zvocnakopel.si\/wp-content\/uploads\/2025\/01\/pexels-photo-7947736.jpeg ,https:\/\/www.zvocnakopel.si\/wp-content\/uploads\/2025\/01\/pexels-photo-7947736.jpeg 780w, https:\/\/www.zvocnakopel.si\/wp-content\/uploads\/2025\/01\/pexels-photo-7947736.jpeg 360w\" alt=\"\" width=\"350\" height=\"360\" \/><\/figure>\n<\/div>\n\n<div class=\"wp-block-uagb-info-box uagb-block-73ae9bd9 uagb-infobox__content-wrap  uagb-infobox-icon-above-title uagb-infobox-image-valign-top\">\n<div class=\"uagb-ifb-content\">\n<div class=\"uagb-ifb-title-wrap\">\n<h3 class=\"uagb-ifb-title\">Skupinska zvo\u010dna kopel<\/h3>\n<\/div>\n<p class=\"uagb-ifb-desc\">Izku\u0161nja skupinske zvo\u010dne kopeli za sprostitev in povezovanje.<\/p>\n<div class=\"uagb-ifb-button-wrapper wp-block-button\"><a class=\"uagb-infobox-cta-link wp-block-button__link\" href=\"services\/\" target=\"_self\" rel=\"noopener noreferrer\"><span class=\"uagb-inline-editing\">Izvedi ve\u010d<\/span><\/a><\/div>\n<\/div>\n<\/div>\n<\/div>\n\n<div class=\"wp-block-uagb-container uagb-block-be805083\">\n<div class=\"wp-block-uagb-image alignleft uagb-block-1ae7d298 wp-block-uagb-image--layout-default wp-block-uagb-image--effect-static wp-block-uagb-image--align-left aligncenter\">\n<figure class=\"wp-block-uagb-image__figure\"><img decoding=\"async\" class=\"uag-image-12\" title=\"\" role=\"img\" src=\"https:\/\/www.zvocnakopel.si\/wp-content\/uploads\/2025\/01\/pexels-photo-18027863.jpeg\" sizes=\"(max-width: 480px) 150px\" srcset=\"https:\/\/www.zvocnakopel.si\/wp-content\/uploads\/2025\/01\/pexels-photo-18027863.jpeg ,https:\/\/www.zvocnakopel.si\/wp-content\/uploads\/2025\/01\/pexels-photo-18027863.jpeg 780w, https:\/\/www.zvocnakopel.si\/wp-content\/uploads\/2025\/01\/pexels-photo-18027863.jpeg 360w\" alt=\"\" width=\"350\" height=\"360\" \/><\/figure>\n<\/div>\n\n<div class=\"wp-block-uagb-info-box uagb-block-7e9b171c uagb-infobox__content-wrap  uagb-infobox-icon-above-title uagb-infobox-image-valign-top\">\n<div class=\"uagb-ifb-content\">\n<div class=\"uagb-ifb-title-wrap\">\n<h3 class=\"uagb-ifb-title\">Individualna zvo\u010dna kopel<\/h3>\n<\/div>\n<p class=\"uagb-ifb-desc\">Osebni pristop z individualno zvo\u010dno kopeljo.<\/p>\n<div class=\"uagb-ifb-button-wrapper wp-block-button\"><a class=\"uagb-infobox-cta-link wp-block-button__link\" href=\"services\/\" target=\"_self\" rel=\"noopener noreferrer\"><span class=\"uagb-inline-editing\">Izvedi ve\u010d<\/span><\/a><\/div>\n<\/div>\n<\/div>\n<\/div>\n\n<div class=\"wp-block-uagb-container uagb-block-325ef570\">\n<div class=\"wp-block-uagb-image alignleft uagb-block-199a156b wp-block-uagb-image--layout-default wp-block-uagb-image--effect-static wp-block-uagb-image--align-left aligncenter\">\n<figure class=\"wp-block-uagb-image__figure\"><img decoding=\"async\" class=\"uag-image-10\" title=\"\" role=\"img\" src=\"https:\/\/www.zvocnakopel.si\/wp-content\/uploads\/2025\/01\/pexels-photo-3543716.jpeg\" sizes=\"(max-width: 480px) 150px\" srcset=\"https:\/\/www.zvocnakopel.si\/wp-content\/uploads\/2025\/01\/pexels-photo-3543716.jpeg ,https:\/\/www.zvocnakopel.si\/wp-content\/uploads\/2025\/01\/pexels-photo-3543716.jpeg 780w, https:\/\/www.zvocnakopel.si\/wp-content\/uploads\/2025\/01\/pexels-photo-3543716.jpeg 360w\" alt=\"\" width=\"350\" height=\"360\" \/><\/figure>\n<\/div>\n\n<div class=\"wp-block-uagb-info-box uagb-block-fb17e3f8 uagb-infobox__content-wrap  uagb-infobox-icon-above-title uagb-infobox-image-valign-top\">\n<div class=\"uagb-ifb-content\">\n<div class=\"uagb-ifb-title-wrap\">\n<h3 class=\"uagb-ifb-title\">Zvo\u010dna masa\u017ea<\/h3>\n<\/div>\n<p class=\"uagb-ifb-desc\">Spro\u0161\u010dujo\u010da zvo\u010dna masa\u017ea za globoko regeneracijo telesa.<\/p>\n<div class=\"uagb-ifb-button-wrapper wp-block-button\"><a class=\"uagb-infobox-cta-link wp-block-button__link\" href=\"services\/\" target=\"_self\" rel=\"noopener noreferrer\"><span class=\"uagb-inline-editing\">Izvedi ve\u010d<\/span><\/a><\/div>\n<\/div>\n<\/div>\n<\/div>\n<\/div>\n<\/div>\n<\/div>\n\n<div class=\"wp-block-uagb-container uagb-block-f0d8dae7 alignfull uagb-is-root-container\">\n<div class=\"uagb-container-inner-blocks-wrap\">\n<div class=\"wp-block-uagb-container uagb-block-39f2abd6\">\n<div class=\"wp-block-uagb-image alignleft uagb-block-f03c0e0a wp-block-uagb-image--layout-default wp-block-uagb-image--effect-static wp-block-uagb-image--align-left\">\n<figure class=\"wp-block-uagb-image__figure\"><img loading=\"lazy\" decoding=\"async\" class=\"uag-image-11\" title=\"\" role=\"img\" src=\"https:\/\/www.zvocnakopel.si\/wp-content\/uploads\/2025\/01\/pexels-photo-7947736.jpeg\" sizes=\"(max-width: 480px) 150px\" srcset=\"https:\/\/www.zvocnakopel.si\/wp-content\/uploads\/2025\/01\/pexels-photo-7947736.jpeg ,https:\/\/www.zvocnakopel.si\/wp-content\/uploads\/2025\/01\/pexels-photo-7947736.jpeg 780w, https:\/\/www.zvocnakopel.si\/wp-content\/uploads\/2025\/01\/pexels-photo-7947736.jpeg 360w\" alt=\"\" width=\"570\" height=\"480\" \/><\/figure>\n<\/div>\n\n<div class=\"wp-block-uagb-container uagb-block-86be4c12\">\n<div class=\"wp-block-uagb-advanced-heading uagb-block-ad7a575b\">\n<h2 class=\"uagb-heading-text\">O zvo\u010dni kopeli<\/h2>\n<p class=\"uagb-desc-text\">Zvo\u010dna kopel nudi edinstveno izku\u0161njo zvo\u010dne meditacije, ki prina\u0161a sprostitev in notranji navdih. Na\u0161a tehnika uporablja zvok himalajskih posod in gonga.<\/p>\n<\/div>\n<div class=\"wp-block-uagb-info-box uagb-block-c4f4c653 uagb-infobox__content-wrap  uagb-infobox-icon-above-title uagb-infobox-image-valign-top\">\n<div class=\"uagb-ifb-content\">\n<p class=\"uagb-ifb-desc\">Na\u0161o pot smo za\u010deli z \u017eeljo po deljenju mo\u010di zvoka za sprostitev in zdravje, kar se je razvilo v edinstveno metodo zvo\u010dne kopeli.<\/p>\n<div class=\"uagb-ifb-button-wrapper wp-block-button\"><a class=\"uagb-infobox-cta-link wp-block-button__link\" href=\"about\/\" target=\"_self\" rel=\"noopener noreferrer\"><span class=\"uagb-inline-editing\">Izvedi ve\u010d<\/span><\/a><\/div>\n<\/div>\n<\/div>\n<\/div>\n<\/div>\n\n<div class=\"wp-block-uagb-container uagb-block-18ea64f8\">\n<div class=\"wp-block-uagb-container uagb-block-a52c36c3\">\n<div class=\"wp-block-uagb-advanced-heading uagb-block-e3ca0117\">\n<div class=\"uagb-heading-text\">01<\/div>\n<\/div>\n\n<div class=\"wp-block-uagb-advanced-heading uagb-block-59a5961e\">\n<h3 class=\"uagb-heading-text\">Globoka sprostitev<\/h3>\n<p class=\"uagb-desc-text\">Zvo\u010dna kopel ustvarja okolje za globoko spro\u0161\u010danje telesa in uma, kar pripomore k izbolj\u0161anju splo\u0161nega po\u010dutja.<\/p>\n<\/div>\n<\/div>\n\n<div class=\"wp-block-uagb-container uagb-block-616f99d6\">\n<div class=\"wp-block-uagb-advanced-heading uagb-block-5da44f8a\">\n<div class=\"uagb-heading-text\">02<\/div>\n<\/div>\n\n<div class=\"wp-block-uagb-advanced-heading uagb-block-5e9fe326\">\n<h3 class=\"uagb-heading-text\">Iskanje notranjih odgovorov<\/h3>\n<p class=\"uagb-desc-text\">Zvok pomirja in vodi, kar omogo\u010da iskanje odgovorov na vpra\u0161anja, ki jih nosimo v sebi.<\/p>\n<\/div>\n<\/div>\n\n<div class=\"wp-block-uagb-container uagb-block-8cb0283e\">\n<div class=\"wp-block-uagb-advanced-heading uagb-block-f510f0da\">\n<div class=\"uagb-heading-text\">03<\/div>\n<\/div>\n\n<div class=\"wp-block-uagb-advanced-heading uagb-block-bbc8497f\">\n<h3 class=\"uagb-heading-text\">Skupinska in individualna sre\u010danja<\/h3>\n<p class=\"uagb-desc-text\">Prilagodimo izku\u0161nje potrebam posameznikov ali skupin, da vsakdo najde svoj prostor za sprostitev.<\/p>\n<\/div>\n<\/div>\n<\/div>\n<\/div>\n<\/div>\n\n<div class=\"wp-block-uagb-container uagb-block-70f1f417 alignfull uagb-is-root-container\">\n<div class=\"uagb-container-inner-blocks-wrap\">\n<div class=\"wp-block-uagb-container uagb-block-73a0f5fc\">\n<div class=\"wp-block-uagb-advanced-heading uagb-block-dbd1994b\">\n<h2 class=\"uagb-heading-text\">Zakaj izbrati nas?<\/h2>\n<\/div>\n\n<div class=\"wp-block-uagb-info-box uagb-block-50ee0b19 uagb-infobox__content-wrap  uagb-infobox-icon-left uagb-infobox-left uagb-infobox-image-valign-top\">\n<div class=\"uagb-ifb-icon-wrap\">\n<div class=\"uagb-iconbox-icon-wrap uagb-infobox-shape-circle\">\u00a0<\/div>\n<\/div>\n<div class=\"uagb-ifb-content\">\n<div class=\"uagb-ifb-title-wrap\">\n<h3 class=\"uagb-ifb-title\">Unikatna izku\u0161nja<\/h3>\n<\/div>\n<p class=\"uagb-ifb-desc\">Na\u0161e seje so zasnovane tako, da vam nudijo posebno izku\u0161njo, ki jo te\u017eko najdete drugje.<\/p>\n<\/div>\n<\/div>\n\n<div class=\"wp-block-uagb-info-box uagb-block-7e50779b uagb-infobox__content-wrap  uagb-infobox-icon-left uagb-infobox-left uagb-infobox-image-valign-top\">\n<div class=\"uagb-ifb-icon-wrap\">\n<div class=\"uagb-iconbox-icon-wrap uagb-infobox-shape-circle\">\u00a0<\/div>\n<\/div>\n<div class=\"uagb-ifb-content\">\n<div class=\"uagb-ifb-title-wrap\">\n<h3 class=\"uagb-ifb-title\">Kvalificirani in\u0161truktorji<\/h3>\n<\/div>\n<p class=\"uagb-ifb-desc\">Na\u0161a ekipa sestavlja strokovnjak z bogatimi izku\u0161njami v praksi zvo\u010dne kopeli, ki vas vodi skozi va\u0161o izku\u0161njo.<\/p>\n<\/div>\n<\/div>\n\n<div class=\"wp-block-uagb-info-box uagb-block-28338afc uagb-infobox__content-wrap  uagb-infobox-icon-left uagb-infobox-left uagb-infobox-image-valign-top\">\n<div class=\"uagb-ifb-icon-wrap\">\n<div class=\"uagb-iconbox-icon-wrap uagb-infobox-shape-circle\">\u00a0<\/div>\n<\/div>\n<div class=\"uagb-ifb-content\">\n<div class=\"uagb-ifb-title-wrap\">\n<h3 class=\"uagb-ifb-title\">Osebna pozornost<\/h3>\n<\/div>\n<p class=\"uagb-ifb-desc\">Vsak udele\u017eenec dobi posebno pozornost in podporo, kar omogo\u010da globlje povezovanje z notranjim jazom.<\/p>\n<\/div>\n<\/div>\n<\/div>\n\n<div class=\"wp-block-uagb-container uagb-block-baaf0eca\">\n<div class=\"wp-block-uagb-image alignright uagb-block-092474bd wp-block-uagb-image--layout-default wp-block-uagb-image--effect-static wp-block-uagb-image--align-right\">\n<figure class=\"wp-block-uagb-image__figure\"><img loading=\"lazy\" decoding=\"async\" class=\"uag-image-12\" title=\"\" role=\"img\" src=\"https:\/\/www.zvocnakopel.si\/wp-content\/uploads\/2025\/01\/pexels-photo-18027863.jpeg\" sizes=\"(max-width: 480px) 150px\" srcset=\"https:\/\/www.zvocnakopel.si\/wp-content\/uploads\/2025\/01\/pexels-photo-18027863.jpeg ,https:\/\/www.zvocnakopel.si\/wp-content\/uploads\/2025\/01\/pexels-photo-18027863.jpeg 780w, https:\/\/www.zvocnakopel.si\/wp-content\/uploads\/2025\/01\/pexels-photo-18027863.jpeg 360w\" alt=\"\" width=\"570\" height=\"480\" \/><\/figure>\n<\/div>\n<\/div>\n<\/div>\n<\/div>\n\n<div class=\"wp-block-uagb-container uagb-block-17cc7195 alignfull uagb-is-root-container\">\n<div class=\"uagb-container-inner-blocks-wrap\">\n<div class=\"wp-block-uagb-advanced-heading uagb-block-43be17bc\">\n<h2 class=\"uagb-heading-text\">Mnenja na\u0161ih strank<\/h2>\n<\/div>\n\n<div class=\"wp-block-uagb-container uagb-block-c087fbdf\">\n<div class=\"wp-block-uagb-container uagb-block-6daed4cb\">      \n\t\t\t<div class=\"uagb-icon-wrapper uagb-block-a1c44d3c  wp-block-uagb-icon--has-margin\"\t>\n\t\t\t\t\t\t\t\t<div class='uagb-icon-margin-wrapper'>\n\t\t\t\t\t\t\t\t\t<span class=\"uagb-svg-wrapper\" \n\t\t\t\t\t aria-label=\"quote-left\"\t\t\t\t\ttabindex=\"0\">\t\t\n\t\t\t\t\t\t\t\t\t\t<svg xmlns=\"https:\/\/www.w3.org\/2000\/svg\" viewBox= \"0 0 448 512\" role=\"graphics-symbol\" aria-hidden=\"false\" aria-label=\"\"><path d=\"M96 224C84.72 224 74.05 226.3 64 229.9V224c0-35.3 28.7-64 64-64c17.67 0 32-14.33 32-32S145.7 96 128 96C57.42 96 0 153.4 0 224v96c0 53.02 42.98 96 96 96s96-42.98 96-96S149 224 96 224zM352 224c-11.28 0-21.95 2.305-32 5.879V224c0-35.3 28.7-64 64-64c17.67 0 32-14.33 32-32s-14.33-32-32-32c-70.58 0-128 57.42-128 128v96c0 53.02 42.98 96 96 96s96-42.98 96-96S405 224 352 224z\"><\/path><\/svg>\n\t\t\t\t\t\t\t\t\t<\/span>\n\t\t\t\t\t\t\t\t<\/div>\n\t\t\t\t\t\t\t<\/div>\n\t\t\t\n<div class=\"wp-block-uagb-testimonial uagb-slick-carousel uagb-tm__arrow-outside uagb-block-256bd4a5 uagb-post__carousel_notset uagb-post__carousel_notset-tablet uagb-post__carousel_notset-mobile\">\n<div class=\"is-carousel uagb-tm__columns-1 uagb-tm__items\">\n<div class=\"uagb-testimonial__wrap  uagb-tm__imgicon-style-circle uagb-tm__image-position-bottom uagb-tm__bg-type-none \">\n<div class=\"uagb-tm__content\">\n<div class=\"uagb-tm__overlay\">\u00a0<\/div>\n<div class=\"uagb-tm__text-wrap\">\n<div class=\"uagb-tm__desc\">Zvo\u010dna kopel je bila nepozabna izku\u0161nja. Po sre\u010danju sem se po\u010dutil popolnoma spro\u0161\u010deno in navdihnjeno.<\/div>\n<div class=\"uagb-tm__meta-inner\">\n<div class=\"uagb-tm__image-content\">\n<div class=\"uagb-tm__image\"><img loading=\"lazy\" decoding=\"async\" class=\"uagb-tm-img-src\" src=\"https:\/\/www.zvocnakopel.si\/wp-content\/uploads\/2023\/08\/testimonial-skip-01.jpg\" alt=\"\" width=\"50\" height=\"50\" \/><\/div>\n<\/div>\n<div class=\"uagb-testimonial-details\"><span class=\"uagb-tm__author-name\">Jakob Novak<\/span><\/div>\n<\/div>\n<\/div>\n<\/div>\n<\/div>\n<\/div>\n<\/div>\n<\/div>\n\n<div class=\"wp-block-uagb-container uagb-block-99c1fd89\">      \n\t\t\t<div class=\"uagb-icon-wrapper uagb-block-1ef01400  wp-block-uagb-icon--has-margin\"\t>\n\t\t\t\t\t\t\t\t<div class='uagb-icon-margin-wrapper'>\n\t\t\t\t\t\t\t\t\t<span class=\"uagb-svg-wrapper\" \n\t\t\t\t\t aria-label=\"quote-left\"\t\t\t\t\ttabindex=\"0\">\t\t\n\t\t\t\t\t\t\t\t\t\t<svg xmlns=\"https:\/\/www.w3.org\/2000\/svg\" viewBox= \"0 0 448 512\" role=\"graphics-symbol\" aria-hidden=\"false\" aria-label=\"\"><path d=\"M96 224C84.72 224 74.05 226.3 64 229.9V224c0-35.3 28.7-64 64-64c17.67 0 32-14.33 32-32S145.7 96 128 96C57.42 96 0 153.4 0 224v96c0 53.02 42.98 96 96 96s96-42.98 96-96S149 224 96 224zM352 224c-11.28 0-21.95 2.305-32 5.879V224c0-35.3 28.7-64 64-64c17.67 0 32-14.33 32-32s-14.33-32-32-32c-70.58 0-128 57.42-128 128v96c0 53.02 42.98 96 96 96s96-42.98 96-96S405 224 352 224z\"><\/path><\/svg>\n\t\t\t\t\t\t\t\t\t<\/span>\n\t\t\t\t\t\t\t\t<\/div>\n\t\t\t\t\t\t\t<\/div>\n\t\t\t\n<div class=\"wp-block-uagb-testimonial uagb-slick-carousel uagb-tm__arrow-outside uagb-block-0c8bc3bf uagb-post__carousel_notset uagb-post__carousel_notset-tablet uagb-post__carousel_notset-mobile\">\n<div class=\"is-carousel uagb-tm__columns-1 uagb-tm__items\">\n<div class=\"uagb-testimonial__wrap  uagb-tm__imgicon-style-circle uagb-tm__image-position-bottom uagb-tm__bg-type-none \">\n<div class=\"uagb-tm__content\">\n<div class=\"uagb-tm__overlay\">\u00a0<\/div>\n<div class=\"uagb-tm__text-wrap\">\n<div class=\"uagb-tm__desc\">Zelo sem u\u017eivala v zvo\u010dni kopeli. Zvoki so me popeljali v stanje globoke sprostitve in notranjega miru.<\/div>\n<div class=\"uagb-tm__meta-inner\">\n<div class=\"uagb-tm__image-content\">\n<div class=\"uagb-tm__image\"><img loading=\"lazy\" decoding=\"async\" class=\"uagb-tm-img-src\" src=\"https:\/\/www.zvocnakopel.si\/wp-content\/uploads\/2023\/08\/testimonial-skip-02.jpg\" alt=\"\" width=\"50\" height=\"50\" \/><\/div>\n<\/div>\n<div class=\"uagb-testimonial-details\"><span class=\"uagb-tm__author-name\">Ana Kova\u010d<\/span><\/div>\n<\/div>\n<\/div>\n<\/div>\n<\/div>\n<\/div>\n<\/div>\n<\/div>\n<\/div>\n<\/div>\n<\/div>\n\n<div class=\"wp-block-uagb-container uagb-block-71fea0c9 alignfull uagb-is-root-container\"><div class=\"uagb-container-inner-blocks-wrap\">\n<div class=\"wp-block-uagb-info-box uagb-block-844f8cf1 uagb-infobox__content-wrap  uagb-infobox-icon-above-title uagb-infobox-image-valign-top\"><div class=\"uagb-ifb-content\"><div class=\"uagb-ifb-title-wrap\"><h2 class=\"uagb-ifb-title\">Pridru\u017eite se nam!<\/h2><\/div><p class=\"uagb-ifb-desc\">Ne odla\u0161ajte! Rezervirajte svojo zvo\u010dno kopel \u0161e danes in si privo\u0161\u010dite trenutke popolne sprostitve.<\/p><div class=\"uagb-ifb-button-wrapper wp-block-button\"><a href=\"\/contact\/\" class=\"uagb-infobox-cta-link wp-block-button__link\" target=\"_self\" rel=\"noopener noreferrer\" onclick=\"return true;\" alt=\"\"><span class=\"uagb-inline-editing\">Rezervirajte zdaj<\/span><\/a><\/div><\/div><\/div>\n<\/div><\/div>\n\t\t\t\t\t\t\t\t<\/div>\n\t\t\t\t<\/div>\n\t\t\t\t\t<\/div>\n\t\t\t\t<\/div>\n\t\t\t\t<\/div>\n\t\t","protected":false},"excerpt":{"rendered":"<p>Zvo\u010dna kopel \u00a0 Zvo\u010dna sprostitev O zvo\u010dni kopeli Zvo\u010dna kopel nudi edinstveno izku\u0161njo zvo\u010dne meditacije, ki prina\u0161a sprostitev in notranji [&hellip;]<\/p>\n","protected":false},"author":1,"featured_media":0,"parent":0,"menu_order":0,"comment_status":"closed","ping_status":"closed","template":"","meta":{"_uag_custom_page_level_css":"","site-sidebar-layout":"default","site-content-layout":"","ast-site-content-layout":"default","site-content-style":"default","site-sidebar-style":"default","ast-global-header-display":"","ast-banner-title-visibility":"","ast-main-header-display":"","ast-hfb-above-header-display":"","ast-hfb-below-header-display":"","ast-hfb-mobile-header-display":"","site-post-title":"disabled","ast-breadcrumbs-content":"","ast-featured-img":"","footer-sml-layout":"","theme-transparent-header-meta":"enabled","adv-header-id-meta":"","stick-header-meta":"","header-above-stick-meta":"","header-main-stick-meta":"","header-below-stick-meta":"","astra-migrate-meta-layouts":"default","ast-page-background-enabled":"default","ast-page-background-meta":{"desktop":{"background-color":"var(--ast-global-color-4)","background-image":"","background-repeat":"repeat","background-position":"center center","background-size":"auto","background-attachment":"scroll","background-type":"","background-media":"","overlay-type":"","overlay-color":"","overlay-opacity":"","overlay-gradient":""},"tablet":{"background-color":"","background-image":"","background-repeat":"repeat","background-position":"center center","background-size":"auto","background-attachment":"scroll","background-type":"","background-media":"","overlay-type":"","overlay-color":"","overlay-opacity":"","overlay-gradient":""},"mobile":{"background-color":"","background-image":"","background-repeat":"repeat","background-position":"center center","background-size":"auto","background-attachment":"scroll","background-type":"","background-media":"","overlay-type":"","overlay-color":"","overlay-opacity":"","overlay-gradient":""}},"ast-content-background-meta":{"desktop":{"background-color":"var(--ast-global-color-5)","background-image":"","background-repeat":"repeat","background-position":"center center","background-size":"auto","background-attachment":"scroll","background-type":"","background-media":"","overlay-type":"","overlay-color":"","overlay-opacity":"","overlay-gradient":""},"tablet":{"background-color":"var(--ast-global-color-5)","background-image":"","background-repeat":"repeat","background-position":"center center","background-size":"auto","background-attachment":"scroll","background-type":"","background-media":"","overlay-type":"","overlay-color":"","overlay-opacity":"","overlay-gradient":""},"mobile":{"background-color":"var(--ast-global-color-5)","background-image":"","background-repeat":"repeat","background-position":"center center","background-size":"auto","background-attachment":"scroll","background-type":"","background-media":"","overlay-type":"","overlay-color":"","overlay-opacity":"","overlay-gradient":""}},"footnotes":""},"class_list":["post-31","page","type-page","status-publish","hentry"],"uagb_featured_image_src":{"full":false,"thumbnail":false,"medium":false,"medium_large":false,"large":false,"1536x1536":false,"2048x2048":false},"uagb_author_info":{"display_name":"Marjan","author_link":"https:\/\/www.zvocnakopel.si\/domov\/author\/Marjan\/"},"uagb_comment_info":0,"uagb_excerpt":"Zvo\u010dna kopel \u00a0 Zvo\u010dna sprostitev O zvo\u010dni kopeli Zvo\u010dna kopel nudi edinstveno izku\u0161njo zvo\u010dne meditacije, ki prina\u0161a sprostitev in notranji [&hellip;]","_links":{"self":[{"href":"https:\/\/www.zvocnakopel.si\/domov\/wp-json\/wp\/v2\/pages\/31","targetHints":{"allow":["GET"]}}],"collection":[{"href":"https:\/\/www.zvocnakopel.si\/domov\/wp-json\/wp\/v2\/pages"}],"about":[{"href":"https:\/\/www.zvocnakopel.si\/domov\/wp-json\/wp\/v2\/types\/page"}],"author":[{"embeddable":true,"href":"https:\/\/www.zvocnakopel.si\/domov\/wp-json\/wp\/v2\/users\/1"}],"replies":[{"embeddable":true,"href":"https:\/\/www.zvocnakopel.si\/domov\/wp-json\/wp\/v2\/comments?post=31"}],"version-history":[{"count":6,"href":"https:\/\/www.zvocnakopel.si\/domov\/wp-json\/wp\/v2\/pages\/31\/revisions"}],"predecessor-version":[{"id":624,"href":"https:\/\/www.zvocnakopel.si\/domov\/wp-json\/wp\/v2\/pages\/31\/revisions\/624"}],"wp:attachment":[{"href":"https:\/\/www.zvocnakopel.si\/domov\/wp-json\/wp\/v2\/media?parent=31"}],"curies":[{"name":"wp","href":"https:\/\/api.w.org\/{rel}","templated":true}]}}